{"id":1762,"date":"2022-04-14T16:34:33","date_gmt":"2022-04-14T14:34:33","guid":{"rendered":"https:\/\/www.whiteturf.ch\/?page_id=1762"},"modified":"2025-12-16T11:15:53","modified_gmt":"2025-12-16T10:15:53","slug":"family-days","status":"publish","type":"page","link":"https:\/\/www.whiteturf.ch\/en\/family-days\/","title":{"rendered":"Family Days"},"content":{"rendered":"\t\t<div data-elementor-type=\"wp-page\" data-elementor-id=\"1762\" class=\"elementor elementor-1762\" data-elementor-post-type=\"page\">\n\t\t\t\t\t\t<section class=\"elementor-section elementor-top-section elementor-element elementor-element-864ad54 elementor-section-boxed elementor-section-height-default elementor-section-height-default\" data-id=\"864ad54\" data-element_type=\"section\" data-e-type=\"section\" data-settings=\"{&quot;background_background&quot;:&quot;classic&quot;}\">\n\t\t\t\t\t\t\t<div class=\"elementor-background-overlay\"><\/div>\n\t\t\t\t\t\t\t<div class=\"elementor-container elementor-column-gap-default\">\n\t\t\t\t\t<div class=\"elementor-column elementor-col-100 elementor-top-column elementor-element elementor-element-bd82cab\" data-id=\"bd82cab\" data-element_type=\"column\" data-e-type=\"column\" data-settings=\"{&quot;background_background&quot;:&quot;classic&quot;,&quot;background_motion_fx_motion_fx_scrolling&quot;:&quot;yes&quot;,&quot;background_motion_fx_translateY_effect&quot;:&quot;yes&quot;,&quot;background_motion_fx_translateY_direction&quot;:&quot;negative&quot;,&quot;background_motion_fx_translateY_speed&quot;:{&quot;unit&quot;:&quot;px&quot;,&quot;size&quot;:&quot;2.5&quot;,&quot;sizes&quot;:[]},&quot;background_motion_fx_translateY_affectedRange&quot;:{&quot;unit&quot;:&quot;%&quot;,&quot;size&quot;:&quot;&quot;,&quot;sizes&quot;:{&quot;start&quot;:0,&quot;end&quot;:100}},&quot;background_motion_fx_devices&quot;:[&quot;desktop&quot;,&quot;tablet&quot;,&quot;mobile&quot;]}\">\n\t\t\t<div class=\"elementor-widget-wrap elementor-element-populated\">\n\t\t\t\t\t<div class=\"elementor-background-overlay\"><\/div>\n\t\t\t\t\t\t<div class=\"elementor-element elementor-element-2213c03 animated-slow elementor-invisible elementor-widget elementor-widget-heading\" data-id=\"2213c03\" data-element_type=\"widget\" data-e-type=\"widget\" data-settings=\"{&quot;_animation&quot;:&quot;fadeIn&quot;}\" data-widget_type=\"heading.default\">\n\t\t\t\t<div class=\"elementor-widget-container\">\n\t\t\t\t\t<h1 class=\"elementor-heading-title elementor-size-default\">Family Days<\/h1>\t\t\t\t<\/div>\n\t\t\t\t<\/div>\n\t\t\t\t<div class=\"elementor-element elementor-element-92bf65f elementor-shape-square elementor-grid-1 elementor-widget__width-auto elementor-fixed e-grid-align-center elementor-widget elementor-widget-global elementor-global-1855 elementor-widget-social-icons\" data-id=\"92bf65f\" data-element_type=\"widget\" data-e-type=\"widget\" data-settings=\"{&quot;_position&quot;:&quot;fixed&quot;}\" data-widget_type=\"social-icons.default\">\n\t\t\t\t<div class=\"elementor-widget-container\">\n\t\t\t\t\t\t\t<div class=\"elementor-social-icons-wrapper elementor-grid\" role=\"list\">\n\t\t\t\t\t\t\t<span class=\"elementor-grid-item\" role=\"listitem\">\n\t\t\t\t\t<a class=\"elementor-icon elementor-social-icon elementor-social-icon-youtube elementor-repeater-item-90b4e82\" href=\"https:\/\/www.youtube.com\/channel\/UCZTrBUVByPvv4W3szc0ymwA\" target=\"_blank\">\n\t\t\t\t\t\t<span class=\"elementor-screen-only\">Youtube<\/span>\n\t\t\t\t\t\t<i aria-hidden=\"true\" class=\"fab fa-youtube\"><\/i>\t\t\t\t\t<\/a>\n\t\t\t\t<\/span>\n\t\t\t\t\t\t\t<span class=\"elementor-grid-item\" role=\"listitem\">\n\t\t\t\t\t<a class=\"elementor-icon elementor-social-icon elementor-social-icon-instagram elementor-repeater-item-f90d36f\" href=\"https:\/\/www.instagram.com\/white_turf\/\" target=\"_blank\">\n\t\t\t\t\t\t<span class=\"elementor-screen-only\">Instagram<\/span>\n\t\t\t\t\t\t<i aria-hidden=\"true\" class=\"fab fa-instagram\"><\/i>\t\t\t\t\t<\/a>\n\t\t\t\t<\/span>\n\t\t\t\t\t\t\t<span class=\"elementor-grid-item\" role=\"listitem\">\n\t\t\t\t\t<a class=\"elementor-icon elementor-social-icon elementor-social-icon-twitter elementor-repeater-item-e3500c5\" href=\"https:\/\/twitter.com\/White_Turf_2022\" target=\"_blank\">\n\t\t\t\t\t\t<span class=\"elementor-screen-only\">Twitter<\/span>\n\t\t\t\t\t\t<i aria-hidden=\"true\" class=\"fab fa-twitter\"><\/i>\t\t\t\t\t<\/a>\n\t\t\t\t<\/span>\n\t\t\t\t\t\t\t<span class=\"elementor-grid-item\" role=\"listitem\">\n\t\t\t\t\t<a class=\"elementor-icon elementor-social-icon elementor-social-icon-facebook-f elementor-repeater-item-63c08dc\" href=\"https:\/\/www.facebook.com\/WhiteTurf\" target=\"_blank\">\n\t\t\t\t\t\t<span class=\"elementor-screen-only\">Facebook-f<\/span>\n\t\t\t\t\t\t<i aria-hidden=\"true\" class=\"fab fa-facebook-f\"><\/i>\t\t\t\t\t<\/a>\n\t\t\t\t<\/span>\n\t\t\t\t\t<\/div>\n\t\t\t\t\t\t<\/div>\n\t\t\t\t<\/div>\n\t\t\t\t<div class=\"elementor-element elementor-element-d5c7976 elementor-widget elementor-widget-heading\" data-id=\"d5c7976\" data-element_type=\"widget\" data-e-type=\"widget\" data-widget_type=\"heading.default\">\n\t\t\t\t<div class=\"elementor-widget-container\">\n\t\t\t\t\t<h2 class=\"elementor-heading-title elementor-size-default\">Blick hinter die Kulissen und alle Augen auf den Nachwuchs gerichtet<\/h2>\t\t\t\t<\/div>\n\t\t\t\t<\/div>\n\t\t\t\t<div class=\"elementor-element elementor-element-390be15 elementor-widget elementor-widget-text-editor\" data-id=\"390be15\" data-element_type=\"widget\" data-e-type=\"widget\" data-widget_type=\"text-editor.default\">\n\t\t\t\t<div class=\"elementor-widget-container\">\n\t\t\t\t\t\t\t\t\t<p><span style=\"font-weight: bolder; letter-spacing: 0.35px;\">07.02.2026 WHITE TURF OPENING<br \/><\/span>Mit spannenden F\u00fchrungen und informativen Podiumsgespr\u00e4chen erhalten Sie exklusive Einblicke hinter die Kulissen des White Turf. Abgerundet wird das Programm durch Live-Musik, Ponyreiten, einem vielseitigen Gastronomieangebot und vielem mehr.<\/p><p>Der Eintritt und die F\u00fchrungen sind kostenlos.<br \/>10:30 Uhr Gel\u00e4nde\u00f6ffnung<\/p><p><strong>14. &amp; 21.02.2026 WHITE TURF FAMILY DAYS<br \/><\/strong>Nicht weniger spektakul\u00e4r als die White Turf Racing Days, sind die White Turf Family Days. Wenn sich die jungen Nachwuchsathlet:innen und \u00fcber die perfekt pr\u00e4parierte Renngerade trauen, vergisst auch hier so mancher Zuschauer, dass wir auf einem zugefrorenen See sind&#8230;<\/p><p>Der Eintritt auf das Gel\u00e4nde ist kostenlos.<br \/>10:30 Uhr Gel\u00e4nde\u00f6ffnung\u00a0<\/p>\t\t\t\t\t\t\t\t<\/div>\n\t\t\t\t<\/div>\n\t\t\t\t<div class=\"elementor-element elementor-element-c73bd81 elementor-align-left elementor-hidden-desktop elementor-hidden-tablet elementor-hidden-mobile elementor-widget elementor-widget-button\" data-id=\"c73bd81\" data-element_type=\"widget\" data-e-type=\"widget\" data-widget_type=\"button.default\">\n\t\t\t\t<div class=\"elementor-widget-container\">\n\t\t\t\t\t\t\t\t\t<div class=\"elementor-button-wrapper\">\n\t\t\t\t\t<a class=\"elementor-button elementor-button-link elementor-size-sm\" href=\"https:\/\/www.whiteturf.ch\/wp-content\/uploads\/2025\/01\/2025_Programm_Family_Days_Jan.pdf\" target=\"_blank\">\n\t\t\t\t\t\t<span class=\"elementor-button-content-wrapper\">\n\t\t\t\t\t\t<span class=\"elementor-button-icon\">\n\t\t\t\t<i aria-hidden=\"true\" class=\"far fa-file-pdf\"><\/i>\t\t\t<\/span>\n\t\t\t\t\t\t\t\t\t<span class=\"elementor-button-text\">Family Days Programm<\/span>\n\t\t\t\t\t<\/span>\n\t\t\t\t\t<\/a>\n\t\t\t\t<\/div>\n\t\t\t\t\t\t\t\t<\/div>\n\t\t\t\t<\/div>\n\t\t\t\t<div class=\"elementor-element elementor-element-76afeb0 elementor-widget elementor-widget-text-editor\" data-id=\"76afeb0\" data-element_type=\"widget\" data-e-type=\"widget\" data-widget_type=\"text-editor.default\">\n\t\t\t\t<div class=\"elementor-widget-container\">\n\t\t\t\t\t\t\t\t\t<p><span class=\"fontstyle0\"><strong>Infos UBS Kids-Skikj\u00f6ring<\/strong><\/span><\/p><p><a href=\"mailto:familydays@whiteturf.ch\"><span class=\"fontstyle0\"> familydays@whiteturf.ch<\/span><\/a><\/p>\t\t\t\t\t\t\t\t<\/div>\n\t\t\t\t<\/div>\n\t\t\t\t\t<\/div>\n\t\t<\/div>\n\t\t\t\t\t<\/div>\n\t\t<\/section>\n\t\t\t\t<section class=\"elementor-section elementor-top-section elementor-element elementor-element-a7e7625 elementor-section-boxed elementor-section-height-default elementor-section-height-default\" data-id=\"a7e7625\" data-element_type=\"section\" data-e-type=\"section\" data-settings=\"{&quot;background_background&quot;:&quot;classic&quot;}\">\n\t\t\t\t\t\t\t<div class=\"elementor-background-overlay\"><\/div>\n\t\t\t\t\t\t\t<div class=\"elementor-container elementor-column-gap-no\">\n\t\t\t\t\t<div class=\"elementor-column elementor-col-100 elementor-top-column elementor-element elementor-element-c7f67f9\" data-id=\"c7f67f9\" data-element_type=\"column\" data-e-type=\"column\">\n\t\t\t<div class=\"elementor-widget-wrap elementor-element-populated\">\n\t\t\t\t\t\t<div class=\"elementor-element elementor-element-370998a elementor-widget elementor-widget-heading\" data-id=\"370998a\" data-element_type=\"widget\" data-e-type=\"widget\" data-widget_type=\"heading.default\">\n\t\t\t\t<div class=\"elementor-widget-container\">\n\t\t\t\t\t<h3 class=\"elementor-heading-title elementor-size-default\">White Turf Family Days 2026<\/h3>\t\t\t\t<\/div>\n\t\t\t\t<\/div>\n\t\t\t\t<div class=\"elementor-element elementor-element-25f957a elementor-widget elementor-widget-html\" data-id=\"25f957a\" data-element_type=\"widget\" data-e-type=\"widget\" data-widget_type=\"html.default\">\n\t\t\t\t<div class=\"elementor-widget-container\">\n\t\t\t\t\t<div style=\"position:relative;padding-top:max(60%,326px);height:0;width:100%\"><iframe allow=\"clipboard-write\" sandbox=\"allow-top-navigation allow-top-navigation-by-user-activation allow-downloads allow-scripts allow-same-origin allow-popups allow-modals allow-popups-to-escape-sandbox allow-forms\" allowfullscreen=\"true\" style=\"position:absolute;border:none;width:100%;height:100%;left:0;right:0;top:0;bottom:0;\" src=\"https:\/\/e.issuu.com\/embed.html?backgroundColor=%23ffffff&d=white_turf_family_days_2026&u=designterminal\"><\/iframe><\/div>\t\t\t\t<\/div>\n\t\t\t\t<\/div>\n\t\t\t\t\t<\/div>\n\t\t<\/div>\n\t\t\t\t\t<\/div>\n\t\t<\/section>\n\t\t\t\t<section class=\"elementor-section elementor-top-section elementor-element elementor-element-4154411 elementor-section-content-middle elementor-section-boxed elementor-section-height-default elementor-section-height-default\" data-id=\"4154411\" data-element_type=\"section\" data-e-type=\"section\" data-settings=\"{&quot;background_background&quot;:&quot;classic&quot;}\">\n\t\t\t\t\t\t<div class=\"elementor-container elementor-column-gap-no\">\n\t\t\t\t\t<div class=\"elementor-column elementor-col-100 elementor-top-column elementor-element elementor-element-1d890d13\" data-id=\"1d890d13\" data-element_type=\"column\" data-e-type=\"column\">\n\t\t\t<div class=\"elementor-widget-wrap elementor-element-populated\">\n\t\t\t\t\t\t<div class=\"elementor-element elementor-element-1b4bd27a elementor-widget elementor-widget-heading\" data-id=\"1b4bd27a\" data-element_type=\"widget\" data-e-type=\"widget\" data-widget_type=\"heading.default\">\n\t\t\t\t<div class=\"elementor-widget-container\">\n\t\t\t\t\t<h3 class=\"elementor-heading-title elementor-size-default\">White Turf Family Days<\/h3>\t\t\t\t<\/div>\n\t\t\t\t<\/div>\n\t\t\t\t<div class=\"elementor-element elementor-element-4f805704 elementor-widget elementor-widget-video\" data-id=\"4f805704\" data-element_type=\"widget\" data-e-type=\"widget\" data-settings=\"{&quot;youtube_url&quot;:&quot;https:\\\/\\\/youtu.be\\\/zIUnSmIVWMw&quot;,&quot;loop&quot;:&quot;yes&quot;,&quot;video_type&quot;:&quot;youtube&quot;,&quot;controls&quot;:&quot;yes&quot;}\" data-widget_type=\"video.default\">\n\t\t\t\t<div class=\"elementor-widget-container\">\n\t\t\t\t\t\t\t<div class=\"elementor-wrapper elementor-open-inline\">\n\t\t\t<div class=\"elementor-video\"><\/div>\t\t<\/div>\n\t\t\t\t\t\t<\/div>\n\t\t\t\t<\/div>\n\t\t\t\t\t<\/div>\n\t\t<\/div>\n\t\t\t\t\t<\/div>\n\t\t<\/section>\n\t\t<div class=\"elementor-element elementor-element-cf2938c e-con-full e-flex e-con e-parent\" data-id=\"cf2938c\" data-element_type=\"container\" data-e-type=\"container\">\n\t\t<div class=\"elementor-element elementor-element-fb89a5d e-con-full e-flex e-con e-child\" data-id=\"fb89a5d\" data-element_type=\"container\" data-e-type=\"container\">\n\t\t\t\t<div class=\"elementor-element elementor-element-a38c7f2 elementor-widget elementor-widget-heading\" data-id=\"a38c7f2\" data-element_type=\"widget\" data-e-type=\"widget\" data-widget_type=\"heading.default\">\n\t\t\t\t<div class=\"elementor-widget-container\">\n\t\t\t\t\t<h2 class=\"elementor-heading-title elementor-size-default\">Ponyrennen<\/h2>\t\t\t\t<\/div>\n\t\t\t\t<\/div>\n\t\t\t\t<div class=\"elementor-element elementor-element-e558f17 elementor-widget elementor-widget-heading\" data-id=\"e558f17\" data-element_type=\"widget\" data-e-type=\"widget\" data-widget_type=\"heading.default\">\n\t\t\t\t<div class=\"elementor-widget-container\">\n\t\t\t\t\t<h5 class=\"elementor-heading-title elementor-size-default\">White Turf setzt sich mit den 2022 erstmals durchgef\u00fchrten Family Days Aktiv f\u00fcr den Nachwuchs im Pferderennsport ein<\/h5>\t\t\t\t<\/div>\n\t\t\t\t<\/div>\n\t\t\t\t<div class=\"elementor-element elementor-element-061aaea elementor-widget elementor-widget-text-editor\" data-id=\"061aaea\" data-element_type=\"widget\" data-e-type=\"widget\" data-widget_type=\"text-editor.default\">\n\t\t\t\t<div class=\"elementor-widget-container\">\n\t\t\t\t\t\t\t\t\t<p>Die Bilder sprechen f\u00fcr sich, wenn sich die mutigen M\u00e4dchen und Knaben vor einer traumhaften Bergkulisse in den Disziplinen Galopp, Trab und berittenem Skikj\u00f6ring miteinander messen.<\/p>\t\t\t\t\t\t\t\t<\/div>\n\t\t\t\t<\/div>\n\t\t\t\t<\/div>\n\t\t<div class=\"elementor-element elementor-element-6738cd4 e-con-full e-flex e-con e-child\" data-id=\"6738cd4\" data-element_type=\"container\" data-e-type=\"container\" data-settings=\"{&quot;background_background&quot;:&quot;classic&quot;}\">\n\t\t\t\t<\/div>\n\t\t\t\t<\/div>\n\t\t<div class=\"elementor-element elementor-element-2ce8b18 e-con-full e-flex e-con e-parent\" data-id=\"2ce8b18\" data-element_type=\"container\" data-e-type=\"container\">\n\t\t<div class=\"elementor-element elementor-element-6f54380 e-con-full e-flex e-con e-child\" data-id=\"6f54380\" data-element_type=\"container\" data-e-type=\"container\" data-settings=\"{&quot;background_background&quot;:&quot;classic&quot;}\">\n\t\t\t\t<\/div>\n\t\t<div class=\"elementor-element elementor-element-c3360bd e-con-full e-flex e-con e-child\" data-id=\"c3360bd\" data-element_type=\"container\" data-e-type=\"container\">\n\t\t\t\t<div class=\"elementor-element elementor-element-21da934 elementor-widget elementor-widget-heading\" data-id=\"21da934\" data-element_type=\"widget\" data-e-type=\"widget\" data-widget_type=\"heading.default\">\n\t\t\t\t<div class=\"elementor-widget-container\">\n\t\t\t\t\t<h2 class=\"elementor-heading-title elementor-size-default\">Family<\/h2>\t\t\t\t<\/div>\n\t\t\t\t<\/div>\n\t\t\t\t<div class=\"elementor-element elementor-element-ee293e1 elementor-widget elementor-widget-heading\" data-id=\"ee293e1\" data-element_type=\"widget\" data-e-type=\"widget\" data-widget_type=\"heading.default\">\n\t\t\t\t<div class=\"elementor-widget-container\">\n\t\t\t\t\t<h5 class=\"elementor-heading-title elementor-size-default\">Ein Volksfest f\u00fcr die ganze Familie auf dem zugefrorenen St. Moritzersee<\/h5>\t\t\t\t<\/div>\n\t\t\t\t<\/div>\n\t\t\t\t<div class=\"elementor-element elementor-element-c35ada1 elementor-widget elementor-widget-text-editor\" data-id=\"c35ada1\" data-element_type=\"widget\" data-e-type=\"widget\" data-widget_type=\"text-editor.default\">\n\t\t\t\t<div class=\"elementor-widget-container\">\n\t\t\t\t\t\t\t\t\t<p>Neben den spannenden Ponyrennen wird auf dem See noch vieles mehr geboten. So k\u00f6nnen sich die kleinen und grossen Besucher:innen im Eventbereich, die Zeit mit Ponyreiten oder im Gastrobereich mit zahlreichen kulinarischen Angeboten vertreiben. Als Highlight bieten wir bereits f\u00fcr die Kleinsten berittene Skikj\u00f6ring-Taxifahrten an.<\/p><p>Die Anmeldung erfolgt vor Ort auf dem See im Rennsekretariat. Die Ausr\u00fcstung (Ski, Skischuhe, Helm &amp; Skibrille) ist selber mitzubringen.<\/p>\t\t\t\t\t\t\t\t<\/div>\n\t\t\t\t<\/div>\n\t\t\t\t<\/div>\n\t\t\t\t<\/div>\n\t\t\t\t<\/div>\n\t\t","protected":false},"excerpt":{"rendered":"<p>Family Days Youtube Instagram Twitter Facebook-f Blick hinter die Kulissen und alle Augen auf den Nachwuchs gerichtet 07.02.2026 WHITE TURF OPENINGMit spannenden F\u00fchrungen und informativen Podiumsgespr\u00e4chen erhalten Sie exklusive Einblicke hinter die Kulissen des White Turf. Abgerundet wird das Programm durch Live-Musik, Ponyreiten, einem vielseitigen Gastronomieangebot und vielem mehr. Der Eintritt und die F\u00fchrungen sind [&hellip;]<\/p>\n","protected":false},"author":4,"featured_media":0,"parent":0,"menu_order":0,"comment_status":"closed","ping_status":"closed","template":"","meta":{"footnotes":""},"class_list":["post-1762","page","type-page","status-publish","hentry"],"yoast_head":"<!-- This site is optimized with the Yoast SEO plugin v27.4 - https:\/\/yoast.com\/product\/yoast-seo-wordpress\/ -->\n<title>Family Days - White Turf St. Moritz<\/title>\n<meta name=\"robots\" content=\"index, follow, max-snippet:-1, max-image-preview:large, max-video-preview:-1\" \/>\n<link rel=\"canonical\" href=\"https:\/\/www.whiteturf.ch\/en\/family-days\/\" \/>\n<meta property=\"og:locale\" content=\"en_GB\" \/>\n<meta property=\"og:type\" content=\"article\" \/>\n<meta property=\"og:title\" content=\"Family Days - White Turf St. Moritz\" \/>\n<meta property=\"og:description\" content=\"Family Days Youtube Instagram Twitter Facebook-f Blick hinter die Kulissen und alle Augen auf den Nachwuchs gerichtet 07.02.2026 WHITE TURF OPENINGMit spannenden F\u00fchrungen und informativen Podiumsgespr\u00e4chen erhalten Sie exklusive Einblicke hinter die Kulissen des White Turf. Abgerundet wird das Programm durch Live-Musik, Ponyreiten, einem vielseitigen Gastronomieangebot und vielem mehr. Der Eintritt und die F\u00fchrungen sind [&hellip;]\" \/>\n<meta property=\"og:url\" content=\"https:\/\/www.whiteturf.ch\/en\/family-days\/\" \/>\n<meta property=\"og:site_name\" content=\"White Turf St. Moritz\" \/>\n<meta property=\"article:modified_time\" content=\"2025-12-16T10:15:53+00:00\" \/>\n<meta name=\"twitter:card\" content=\"summary_large_image\" \/>\n<meta name=\"twitter:label1\" content=\"Estimated reading time\" \/>\n\t<meta name=\"twitter:data1\" content=\"2 minutes\" \/>\n<script type=\"application\/ld+json\" class=\"yoast-schema-graph\">{\"@context\":\"https:\\\/\\\/schema.org\",\"@graph\":[{\"@type\":\"WebPage\",\"@id\":\"https:\\\/\\\/www.whiteturf.ch\\\/family-days\\\/\",\"url\":\"https:\\\/\\\/www.whiteturf.ch\\\/family-days\\\/\",\"name\":\"Family Days - White Turf St. Moritz\",\"isPartOf\":{\"@id\":\"https:\\\/\\\/www.whiteturf.ch\\\/#website\"},\"datePublished\":\"2022-04-14T14:34:33+00:00\",\"dateModified\":\"2025-12-16T10:15:53+00:00\",\"breadcrumb\":{\"@id\":\"https:\\\/\\\/www.whiteturf.ch\\\/family-days\\\/#breadcrumb\"},\"inLanguage\":\"en-GB\",\"potentialAction\":[{\"@type\":\"ReadAction\",\"target\":[\"https:\\\/\\\/www.whiteturf.ch\\\/family-days\\\/\"]}]},{\"@type\":\"BreadcrumbList\",\"@id\":\"https:\\\/\\\/www.whiteturf.ch\\\/family-days\\\/#breadcrumb\",\"itemListElement\":[{\"@type\":\"ListItem\",\"position\":1,\"name\":\"Startseite\",\"item\":\"https:\\\/\\\/www.whiteturf.ch\\\/\"},{\"@type\":\"ListItem\",\"position\":2,\"name\":\"Family Days\"}]},{\"@type\":\"WebSite\",\"@id\":\"https:\\\/\\\/www.whiteturf.ch\\\/#website\",\"url\":\"https:\\\/\\\/www.whiteturf.ch\\\/\",\"name\":\"White Turf St. Moritz\",\"description\":\"International Horse Races Since 1907\",\"publisher\":{\"@id\":\"https:\\\/\\\/www.whiteturf.ch\\\/#organization\"},\"potentialAction\":[{\"@type\":\"SearchAction\",\"target\":{\"@type\":\"EntryPoint\",\"urlTemplate\":\"https:\\\/\\\/www.whiteturf.ch\\\/?s={search_term_string}\"},\"query-input\":{\"@type\":\"PropertyValueSpecification\",\"valueRequired\":true,\"valueName\":\"search_term_string\"}}],\"inLanguage\":\"en-GB\"},{\"@type\":\"Organization\",\"@id\":\"https:\\\/\\\/www.whiteturf.ch\\\/#organization\",\"name\":\"White Turf St. Moritz\",\"url\":\"https:\\\/\\\/www.whiteturf.ch\\\/\",\"logo\":{\"@type\":\"ImageObject\",\"inLanguage\":\"en-GB\",\"@id\":\"https:\\\/\\\/www.whiteturf.ch\\\/#\\\/schema\\\/logo\\\/image\\\/\",\"url\":\"https:\\\/\\\/www.whiteturf.ch\\\/wp-content\\\/uploads\\\/2022\\\/04\\\/wt_logo_stm_rgb_pos-1.svg\",\"contentUrl\":\"https:\\\/\\\/www.whiteturf.ch\\\/wp-content\\\/uploads\\\/2022\\\/04\\\/wt_logo_stm_rgb_pos-1.svg\",\"width\":566,\"height\":111,\"caption\":\"White Turf St. Moritz\"},\"image\":{\"@id\":\"https:\\\/\\\/www.whiteturf.ch\\\/#\\\/schema\\\/logo\\\/image\\\/\"}}]}<\/script>\n<!-- \/ Yoast SEO plugin. -->","yoast_head_json":{"title":"Family Days - White Turf St. Moritz","robots":{"index":"index","follow":"follow","max-snippet":"max-snippet:-1","max-image-preview":"max-image-preview:large","max-video-preview":"max-video-preview:-1"},"canonical":"https:\/\/www.whiteturf.ch\/en\/family-days\/","og_locale":"en_GB","og_type":"article","og_title":"Family Days - White Turf St. Moritz","og_description":"Family Days Youtube Instagram Twitter Facebook-f Blick hinter die Kulissen und alle Augen auf den Nachwuchs gerichtet 07.02.2026 WHITE TURF OPENINGMit spannenden F\u00fchrungen und informativen Podiumsgespr\u00e4chen erhalten Sie exklusive Einblicke hinter die Kulissen des White Turf. Abgerundet wird das Programm durch Live-Musik, Ponyreiten, einem vielseitigen Gastronomieangebot und vielem mehr. Der Eintritt und die F\u00fchrungen sind [&hellip;]","og_url":"https:\/\/www.whiteturf.ch\/en\/family-days\/","og_site_name":"White Turf St. Moritz","article_modified_time":"2025-12-16T10:15:53+00:00","twitter_card":"summary_large_image","twitter_misc":{"Estimated reading time":"2 minutes"},"schema":{"@context":"https:\/\/schema.org","@graph":[{"@type":"WebPage","@id":"https:\/\/www.whiteturf.ch\/family-days\/","url":"https:\/\/www.whiteturf.ch\/family-days\/","name":"Family Days - White Turf St. Moritz","isPartOf":{"@id":"https:\/\/www.whiteturf.ch\/#website"},"datePublished":"2022-04-14T14:34:33+00:00","dateModified":"2025-12-16T10:15:53+00:00","breadcrumb":{"@id":"https:\/\/www.whiteturf.ch\/family-days\/#breadcrumb"},"inLanguage":"en-GB","potentialAction":[{"@type":"ReadAction","target":["https:\/\/www.whiteturf.ch\/family-days\/"]}]},{"@type":"BreadcrumbList","@id":"https:\/\/www.whiteturf.ch\/family-days\/#breadcrumb","itemListElement":[{"@type":"ListItem","position":1,"name":"Startseite","item":"https:\/\/www.whiteturf.ch\/"},{"@type":"ListItem","position":2,"name":"Family Days"}]},{"@type":"WebSite","@id":"https:\/\/www.whiteturf.ch\/#website","url":"https:\/\/www.whiteturf.ch\/","name":"White Turf St. Moritz","description":"International Horse Races Since 1907","publisher":{"@id":"https:\/\/www.whiteturf.ch\/#organization"},"potentialAction":[{"@type":"SearchAction","target":{"@type":"EntryPoint","urlTemplate":"https:\/\/www.whiteturf.ch\/?s={search_term_string}"},"query-input":{"@type":"PropertyValueSpecification","valueRequired":true,"valueName":"search_term_string"}}],"inLanguage":"en-GB"},{"@type":"Organization","@id":"https:\/\/www.whiteturf.ch\/#organization","name":"White Turf St. Moritz","url":"https:\/\/www.whiteturf.ch\/","logo":{"@type":"ImageObject","inLanguage":"en-GB","@id":"https:\/\/www.whiteturf.ch\/#\/schema\/logo\/image\/","url":"https:\/\/www.whiteturf.ch\/wp-content\/uploads\/2022\/04\/wt_logo_stm_rgb_pos-1.svg","contentUrl":"https:\/\/www.whiteturf.ch\/wp-content\/uploads\/2022\/04\/wt_logo_stm_rgb_pos-1.svg","width":566,"height":111,"caption":"White Turf St. Moritz"},"image":{"@id":"https:\/\/www.whiteturf.ch\/#\/schema\/logo\/image\/"}}]}},"_links":{"self":[{"href":"https:\/\/www.whiteturf.ch\/en\/wp-json\/wp\/v2\/pages\/1762","targetHints":{"allow":["GET"]}}],"collection":[{"href":"https:\/\/www.whiteturf.ch\/en\/wp-json\/wp\/v2\/pages"}],"about":[{"href":"https:\/\/www.whiteturf.ch\/en\/wp-json\/wp\/v2\/types\/page"}],"author":[{"embeddable":true,"href":"https:\/\/www.whiteturf.ch\/en\/wp-json\/wp\/v2\/users\/4"}],"replies":[{"embeddable":true,"href":"https:\/\/www.whiteturf.ch\/en\/wp-json\/wp\/v2\/comments?post=1762"}],"version-history":[{"count":6,"href":"https:\/\/www.whiteturf.ch\/en\/wp-json\/wp\/v2\/pages\/1762\/revisions"}],"predecessor-version":[{"id":8435,"href":"https:\/\/www.whiteturf.ch\/en\/wp-json\/wp\/v2\/pages\/1762\/revisions\/8435"}],"wp:attachment":[{"href":"https:\/\/www.whiteturf.ch\/en\/wp-json\/wp\/v2\/media?parent=1762"}],"curies":[{"name":"wp","href":"https:\/\/api.w.org\/{rel}","templated":true}]}}