{"id":195,"date":"2022-04-10T11:45:31","date_gmt":"2022-04-10T09:45:31","guid":{"rendered":"https:\/\/www.whiteturf.ch\/contact\/"},"modified":"2024-12-10T10:18:28","modified_gmt":"2024-12-10T09:18:28","slug":"contact","status":"publish","type":"page","link":"https:\/\/www.whiteturf.ch\/en\/kontakt\/","title":{"rendered":"Contact"},"content":{"rendered":"\t\t<div data-elementor-type=\"wp-page\" data-elementor-id=\"195\" class=\"elementor elementor-195\" data-elementor-post-type=\"page\">\n\t\t\t\t\t\t<section class=\"elementor-section elementor-top-section elementor-element elementor-element-3817d79 elementor-section-full_width elementor-section-height-default elementor-section-height-default\" data-id=\"3817d79\" data-element_type=\"section\" data-e-type=\"section\" data-settings=\"{&quot;background_background&quot;:&quot;classic&quot;}\">\n\t\t\t\t\t\t<div class=\"elementor-container elementor-column-gap-no\">\n\t\t\t\t\t<div class=\"elementor-column elementor-col-100 elementor-top-column elementor-element elementor-element-150d4f3\" data-id=\"150d4f3\" data-element_type=\"column\" data-e-type=\"column\">\n\t\t\t<div class=\"elementor-widget-wrap elementor-element-populated\">\n\t\t\t\t\t\t<div class=\"elementor-element elementor-element-2e2a080 elementor-widget elementor-widget-spacer\" data-id=\"2e2a080\" data-element_type=\"widget\" data-e-type=\"widget\" data-widget_type=\"spacer.default\">\n\t\t\t\t<div class=\"elementor-widget-container\">\n\t\t\t\t\t\t\t<div class=\"elementor-spacer\">\n\t\t\t<div class=\"elementor-spacer-inner\"><\/div>\n\t\t<\/div>\n\t\t\t\t\t\t<\/div>\n\t\t\t\t<\/div>\n\t\t\t\t\t<\/div>\n\t\t<\/div>\n\t\t\t\t\t<\/div>\n\t\t<\/section>\n\t\t\t\t<section class=\"elementor-section elementor-top-section elementor-element elementor-element-209f68f9 elementor-section-content-top elementor-section-boxed elementor-section-height-default elementor-section-height-default\" data-id=\"209f68f9\" data-element_type=\"section\" data-e-type=\"section\" data-settings=\"{&quot;background_background&quot;:&quot;classic&quot;}\">\n\t\t\t\t\t\t<div class=\"elementor-container elementor-column-gap-no\">\n\t\t\t\t\t<div class=\"elementor-column elementor-col-50 elementor-top-column elementor-element elementor-element-30e88e86\" data-id=\"30e88e86\" data-element_type=\"column\" data-e-type=\"column\">\n\t\t\t<div class=\"elementor-widget-wrap elementor-element-populated\">\n\t\t\t\t\t\t<div class=\"elementor-element elementor-element-729aa321 elementor-widget elementor-widget-heading\" data-id=\"729aa321\" data-element_type=\"widget\" data-e-type=\"widget\" data-widget_type=\"heading.default\">\n\t\t\t\t<div class=\"elementor-widget-container\">\n\t\t\t\t\t<h2 class=\"elementor-heading-title elementor-size-default\">Kontaktieren Sie uns<\/h2>\t\t\t\t<\/div>\n\t\t\t\t<\/div>\n\t\t\t\t<div class=\"elementor-element elementor-element-1e8ee47c elementor-widget elementor-widget-text-editor\" data-id=\"1e8ee47c\" data-element_type=\"widget\" data-e-type=\"widget\" data-widget_type=\"text-editor.default\">\n\t\t\t\t<div class=\"elementor-widget-container\">\n\t\t\t\t\t\t\t\t\t<p>F\u00fcr weitere Informationen \u00fcber den White Turf, k\u00f6nnen Sie uns gerne kontaktieren.<\/p>\t\t\t\t\t\t\t\t<\/div>\n\t\t\t\t<\/div>\n\t\t\t\t<div class=\"elementor-element elementor-element-435c7713 elementor-button-align-stretch elementor-widget elementor-widget-form\" data-id=\"435c7713\" data-element_type=\"widget\" data-e-type=\"widget\" data-settings=\"{&quot;step_next_label&quot;:&quot;Next&quot;,&quot;step_previous_label&quot;:&quot;Previous&quot;,&quot;button_width&quot;:&quot;100&quot;,&quot;step_type&quot;:&quot;number_text&quot;,&quot;step_icon_shape&quot;:&quot;circle&quot;}\" data-widget_type=\"form.default\">\n\t\t\t\t<div class=\"elementor-widget-container\">\n\t\t\t\t\t\t\t<form class=\"elementor-form\" method=\"post\" name=\"Kontakt Formular\" aria-label=\"Kontakt Formular\">\n\t\t\t<input type=\"hidden\" name=\"post_id\" value=\"195\"\/>\n\t\t\t<input type=\"hidden\" name=\"form_id\" value=\"435c7713\"\/>\n\t\t\t<input type=\"hidden\" name=\"referer_title\" value=\"White Turf St. Moritz\" \/>\n\n\t\t\t\n\t\t\t<div class=\"elementor-form-fields-wrapper elementor-labels-above\">\n\t\t\t\t\t\t\t\t<div class=\"elementor-field-type-text elementor-field-group elementor-column elementor-field-group-name elementor-col-100 elementor-field-required elementor-mark-required\">\n\t\t\t\t\t\t\t\t\t\t\t\t<label for=\"form-field-name\" class=\"elementor-field-label\">\n\t\t\t\t\t\t\t\tName\t\t\t\t\t\t\t<\/label>\n\t\t\t\t\t\t\t\t\t\t\t\t\t\t<input size=\"1\" type=\"text\" name=\"form_fields[name]\" id=\"form-field-name\" class=\"elementor-field elementor-size-md  elementor-field-textual\" required=\"required\">\n\t\t\t\t\t\t\t\t\t\t\t<\/div>\n\t\t\t\t\t\t\t\t<div class=\"elementor-field-type-email elementor-field-group elementor-column elementor-field-group-email elementor-col-100 elementor-field-required elementor-mark-required\">\n\t\t\t\t\t\t\t\t\t\t\t\t<label for=\"form-field-email\" class=\"elementor-field-label\">\n\t\t\t\t\t\t\t\tE-Mail \t\t\t\t\t\t\t<\/label>\n\t\t\t\t\t\t\t\t\t\t\t\t\t\t<input size=\"1\" type=\"email\" name=\"form_fields[email]\" id=\"form-field-email\" class=\"elementor-field elementor-size-md  elementor-field-textual\" required=\"required\">\n\t\t\t\t\t\t\t\t\t\t\t<\/div>\n\t\t\t\t\t\t\t\t<div class=\"elementor-field-type-textarea elementor-field-group elementor-column elementor-field-group-Messege elementor-col-100 elementor-field-required elementor-mark-required\">\n\t\t\t\t\t\t\t\t\t\t\t\t<label for=\"form-field-Messege\" class=\"elementor-field-label\">\n\t\t\t\t\t\t\t\tNachricht\t\t\t\t\t\t\t<\/label>\n\t\t\t\t\t\t<textarea class=\"elementor-field-textual elementor-field  elementor-size-md\" name=\"form_fields[Messege]\" id=\"form-field-Messege\" rows=\"5\" required=\"required\"><\/textarea>\t\t\t\t<\/div>\n\t\t\t\t\t\t\t\t<div class=\"elementor-field-type-text\">\n\t\t\t\t\t<input size=\"1\" type=\"text\" name=\"form_fields[field_ef5d2b2]\" id=\"form-field-field_ef5d2b2\" class=\"elementor-field elementor-size-md \" style=\"display:none !important;\">\t\t\t\t<\/div>\n\t\t\t\t\t\t\t\t<div class=\"elementor-field-type-recaptcha_v3 elementor-field-group elementor-column elementor-field-group-field_6e204ae elementor-col-100 recaptcha_v3-inline\">\n\t\t\t\t\t<div class=\"elementor-field\" id=\"form-field-field_6e204ae\"><div class=\"elementor-g-recaptcha\" data-sitekey=\"6LdQHcEUAAAAAD-ezjuqlwHZdBlAm-3XEut1pCZ5\" data-type=\"v3\" data-action=\"Form\" data-badge=\"inline\" data-size=\"invisible\"><\/div><\/div>\t\t\t\t<\/div>\n\t\t\t\t\t\t\t\t<div class=\"elementor-field-group elementor-column elementor-field-type-submit elementor-col-100 e-form__buttons\">\n\t\t\t\t\t<button class=\"elementor-button elementor-size-lg\" type=\"submit\">\n\t\t\t\t\t\t<span class=\"elementor-button-content-wrapper\">\n\t\t\t\t\t\t\t\t\t\t\t\t\t\t\t\t\t\t\t\t\t\t<span class=\"elementor-button-text\">Senden<\/span>\n\t\t\t\t\t\t\t\t\t\t\t\t\t<\/span>\n\t\t\t\t\t<\/button>\n\t\t\t\t<\/div>\n\t\t\t<\/div>\n\t\t<\/form>\n\t\t\t\t\t\t<\/div>\n\t\t\t\t<\/div>\n\t\t\t\t\t<\/div>\n\t\t<\/div>\n\t\t\t\t<div class=\"elementor-column elementor-col-50 elementor-top-column elementor-element elementor-element-37c326bb\" data-id=\"37c326bb\" data-element_type=\"column\" data-e-type=\"column\">\n\t\t\t<div class=\"elementor-widget-wrap elementor-element-populated\">\n\t\t\t\t\t\t<div class=\"elementor-element elementor-element-6dd5e878 elementor-position-inline-start elementor-view-default elementor-mobile-position-block-start elementor-widget elementor-widget-icon-box\" data-id=\"6dd5e878\" data-element_type=\"widget\" data-e-type=\"widget\" data-widget_type=\"icon-box.default\">\n\t\t\t\t<div class=\"elementor-widget-container\">\n\t\t\t\t\t\t\t<div class=\"elementor-icon-box-wrapper\">\n\n\t\t\t\t\t\t<div class=\"elementor-icon-box-icon\">\n\t\t\t\t<a href=\"#map\" class=\"elementor-icon\" tabindex=\"-1\" aria-label=\"Adresse\">\n\t\t\t\t<svg xmlns=\"http:\/\/www.w3.org\/2000\/svg\" id=\"f2820d19-ed6f-406e-8581-9645e22b9d25\" data-name=\"Layer 1\" viewBox=\"0 0 21 30\"><title>location icon<\/title><path d=\"M10.5,0A10.5749,10.5749,0,0,0,0,10.625C0,20.8975,9.6835,29.4875,10.0961,29.8475a.6111.6111,0,0,0,.8078,0C11.3165,29.4875,21,20.8975,21,10.625A10.5749,10.5749,0,0,0,10.5,0Zm0,28.5275c-1.8332-1.745-9.2647-9.35-9.2647-17.9025A9.33,9.33,0,0,1,10.5,1.25a9.33,9.33,0,0,1,9.2647,9.375C19.7647,19.1675,12.332,26.7812,10.5,28.5275Z\"><\/path><path d=\"M10.5,3A7.5,7.5,0,1,0,18,10.5,7.508,7.508,0,0,0,10.5,3Zm0,13.6364A6.1364,6.1364,0,1,1,16.6364,10.5,6.1439,6.1439,0,0,1,10.5,16.6364Z\"><\/path><\/svg>\t\t\t\t<\/a>\n\t\t\t<\/div>\n\t\t\t\n\t\t\t\t\t\t<div class=\"elementor-icon-box-content\">\n\n\t\t\t\t\t\t\t\t\t<h3 class=\"elementor-icon-box-title\">\n\t\t\t\t\t\t<a href=\"#map\" >\n\t\t\t\t\t\t\tAdresse\t\t\t\t\t\t<\/a>\n\t\t\t\t\t<\/h3>\n\t\t\t\t\n\t\t\t\t\t\t\t\t\t<p class=\"elementor-icon-box-description\">\n\t\t\t\t\t\tRennverein St. Moritz<br>\nVia dal Bagn 20<br>\n7500 St. Moritz<br>\nSchweiz\t\t\t\t\t<\/p>\n\t\t\t\t\n\t\t\t<\/div>\n\t\t\t\n\t\t<\/div>\n\t\t\t\t\t\t<\/div>\n\t\t\t\t<\/div>\n\t\t\t\t<div class=\"elementor-element elementor-element-722d4844 elementor-position-inline-start elementor-view-default elementor-mobile-position-block-start elementor-widget elementor-widget-icon-box\" data-id=\"722d4844\" data-element_type=\"widget\" data-e-type=\"widget\" data-widget_type=\"icon-box.default\">\n\t\t\t\t<div class=\"elementor-widget-container\">\n\t\t\t\t\t\t\t<div class=\"elementor-icon-box-wrapper\">\n\n\t\t\t\t\t\t<div class=\"elementor-icon-box-icon\">\n\t\t\t\t<a href=\"tel:+41818338460\" class=\"elementor-icon\" tabindex=\"-1\" aria-label=\"Telefon\">\n\t\t\t\t<svg xmlns=\"http:\/\/www.w3.org\/2000\/svg\" id=\"a76e379d-bda5-434c-92b1-99cbfad9299c\" data-name=\"Layer 1\" viewBox=\"0 0 29 29\"><title>phone icon<\/title><path d=\"M26.7106,19.0942a16.6143,16.6143,0,0,1-5.2018-.8273,2.2285,2.2285,0,0,0-2.2634.4763L15.9515,21.231a18.39,18.39,0,0,1-8.184-8.1825L10.1851,9.834A2.2967,2.2967,0,0,0,10.7513,7.5a16.6213,16.6213,0,0,1-.83-5.2109A2.2922,2.2922,0,0,0,7.6316,0H2.2894A2.2922,2.2922,0,0,0,0,2.2894,26.7419,26.7419,0,0,0,26.7106,29,2.2922,2.2922,0,0,0,29,26.7105V21.3837A2.2922,2.2922,0,0,0,26.7106,19.0942ZM27.5,26.7353a.7659.7659,0,0,1-.7648.7647A25.2641,25.2641,0,0,1,1.5,2.2647.7659.7659,0,0,1,2.2648,1.5H7.6177a.7659.7659,0,0,1,.7646.7647,18.1415,18.1415,0,0,0,.907,5.6909.84.84,0,0,1-.2631.8672L6.2427,12.5087a.7709.7709,0,0,0-.0719.809,20.0732,20.0732,0,0,0,9.51,9.51.767.767,0,0,0,.809-.07l3.7654-2.8539a.7675.7675,0,0,1,.78-.1805,18.1565,18.1565,0,0,0,5.7.91.765.765,0,0,1,.7648.7647Z\"><\/path><\/svg>\t\t\t\t<\/a>\n\t\t\t<\/div>\n\t\t\t\n\t\t\t\t\t\t<div class=\"elementor-icon-box-content\">\n\n\t\t\t\t\t\t\t\t\t<h3 class=\"elementor-icon-box-title\">\n\t\t\t\t\t\t<a href=\"tel:+41818338460\" >\n\t\t\t\t\t\t\tTelefon\t\t\t\t\t\t<\/a>\n\t\t\t\t\t<\/h3>\n\t\t\t\t\n\t\t\t\t\t\t\t\t\t<p class=\"elementor-icon-box-description\">\n\t\t\t\t\t\t+41 81 833 84 60\t\t\t\t\t<\/p>\n\t\t\t\t\n\t\t\t<\/div>\n\t\t\t\n\t\t<\/div>\n\t\t\t\t\t\t<\/div>\n\t\t\t\t<\/div>\n\t\t\t\t<div class=\"elementor-element elementor-element-4b9e05b4 elementor-position-inline-start elementor-view-default elementor-mobile-position-block-start elementor-widget elementor-widget-icon-box\" data-id=\"4b9e05b4\" data-element_type=\"widget\" data-e-type=\"widget\" data-widget_type=\"icon-box.default\">\n\t\t\t\t<div class=\"elementor-widget-container\">\n\t\t\t\t\t\t\t<div class=\"elementor-icon-box-wrapper\">\n\n\t\t\t\t\t\t<div class=\"elementor-icon-box-icon\">\n\t\t\t\t<a href=\"mailto:info@whiteturf.ch\" target=\"_blank\" class=\"elementor-icon\" tabindex=\"-1\" aria-label=\"E-Mail\">\n\t\t\t\t<svg xmlns=\"http:\/\/www.w3.org\/2000\/svg\" id=\"ac817096-2ba7-4d40-871d-7036eb66db9f\" data-name=\"Layer 1\" viewBox=\"0 0 30 30\"><title>email icon<\/title><path d=\"M20.7363,8.76a.6333.6333,0,0,0-.7263.5025l-.0812.45a6.3322,6.3322,0,0,0-4.59-.4962,7.1911,7.1911,0,0,0-5.1009,4.997,5.3305,5.3305,0,0,0,.802,4.7291A4.8855,4.8855,0,0,0,15.0059,21a5.3217,5.3217,0,0,0,4.3116-2.3661A5.5736,5.5736,0,0,0,24.375,21.25C27.03,21.25,30,18.5762,30,15A15,15,0,1,0,15,30a14.8325,14.8325,0,0,0,9.3275-3.2525.625.625,0,1,0-.7775-.9788A13.5957,13.5957,0,0,1,15,28.75,13.75,13.75,0,1,1,28.75,15c0,2.8162-2.3513,5-4.375,5-1.7774,0-3.8123-.7648-4.2812-2.759a4.04,4.04,0,0,1,.0184-1.5507L21.24,9.4875A.6249.6249,0,0,0,20.7363,8.76Zm-5.73,11.0388a3.7023,3.7023,0,0,1-2.9983-1.5663,4.1217,4.1217,0,0,1-.6257-3.6589,5.907,5.907,0,0,1,4.25-4.1921,4.9715,4.9715,0,0,1,4.0671.6075L18.75,16.25a5.6658,5.6658,0,0,0,.0732.8767A4.339,4.339,0,0,1,15.0059,19.7988Z\" style=\"fill-rule:evenodd\"><\/path><\/svg>\t\t\t\t<\/a>\n\t\t\t<\/div>\n\t\t\t\n\t\t\t\t\t\t<div class=\"elementor-icon-box-content\">\n\n\t\t\t\t\t\t\t\t\t<h3 class=\"elementor-icon-box-title\">\n\t\t\t\t\t\t<a href=\"mailto:info@whiteturf.ch\" target=\"_blank\" >\n\t\t\t\t\t\t\tE-Mail\t\t\t\t\t\t<\/a>\n\t\t\t\t\t<\/h3>\n\t\t\t\t\n\t\t\t\t\t\t\t\t\t<p class=\"elementor-icon-box-description\">\n\t\t\t\t\t\tinfo@whiteturf.ch\t\t\t\t\t<\/p>\n\t\t\t\t\n\t\t\t<\/div>\n\t\t\t\n\t\t<\/div>\n\t\t\t\t\t\t<\/div>\n\t\t\t\t<\/div>\n\t\t\t\t\t<\/div>\n\t\t<\/div>\n\t\t\t\t\t<\/div>\n\t\t<\/section>\n\t\t\t\t<section class=\"elementor-section elementor-top-section elementor-element elementor-element-1810312b elementor-section-boxed elementor-section-height-default elementor-section-height-default\" data-id=\"1810312b\" data-element_type=\"section\" data-e-type=\"section\" id=\"map\">\n\t\t\t\t\t\t<div class=\"elementor-container elementor-column-gap-default\">\n\t\t\t\t\t<div class=\"elementor-column elementor-col-100 elementor-top-column elementor-element elementor-element-637bd842\" data-id=\"637bd842\" data-element_type=\"column\" data-e-type=\"column\">\n\t\t\t<div class=\"elementor-widget-wrap elementor-element-populated\">\n\t\t\t\t\t\t<div class=\"elementor-element elementor-element-021620b elementor-widget elementor-widget-uael-google-map\" data-id=\"021620b\" data-element_type=\"widget\" data-e-type=\"widget\" data-settings=\"{&quot;advance_marker&quot;:&quot;no&quot;,&quot;option_streeview&quot;:&quot;yes&quot;,&quot;type_control&quot;:&quot;yes&quot;,&quot;zoom_control&quot;:&quot;yes&quot;,&quot;fullscreen_control&quot;:&quot;yes&quot;}\" data-widget_type=\"uael-google-map.default\">\n\t\t\t\t<div class=\"elementor-widget-container\">\n\t\t\t\t\t\t\t<div class=\"uael-google-map-wrap\">\n\t\t\t<div id=\"uael-google-map-021620b\" class=\"uael-google-map\" data-map_options=\"{&quot;zoom&quot;:16,&quot;mapTypeId&quot;:&quot;roadmap&quot;,&quot;mapTypeControl&quot;:true,&quot;streetViewControl&quot;:true,&quot;zoomControl&quot;:true,&quot;fullscreenControl&quot;:true,&quot;gestureHandling&quot;:true}\" data-cluster=\"no\" data-cluster-attr=\"[]\" data-max-width=\"250\" data-locations=\"[[&quot;46.490994&quot;,&quot;9.835341&quot;,true,&quot;Rennverein St. Moritz&quot;,&quot;Via dal Bagn 20, 7500 St. Moritz&quot;,&quot;&quot;,&quot;&quot;,&quot;&quot;,&quot;iw_open&quot;]]\" data-animate=\"\" data-auto-center=\"center\" data-map-id=\"\" data-advance-marker=\"no\" data-predefined-style=\"magnesium\"><\/div>\n\t\t<\/div>\n\t\t\t\t\t\t<\/div>\n\t\t\t\t<\/div>\n\t\t\t\t\t<\/div>\n\t\t<\/div>\n\t\t\t\t\t<\/div>\n\t\t<\/section>\n\t\t\t\t<\/div>\n\t\t","protected":false},"excerpt":{"rendered":"<p>Contact Us For more information about the White Turf, please feel free to contact us. location icon Address Rennverein St. Moritz Via dal Bagn 20 7500 St. Moritz Switzerland phone icon Telephone +41 81 833 84 60 email icon E-Mail info@whiteturf.ch<\/p>","protected":false},"author":4,"featured_media":0,"parent":0,"menu_order":0,"comment_status":"closed","ping_status":"closed","template":"elementor_header_footer","meta":{"footnotes":""},"class_list":["post-195","page","type-page","status-publish","hentry"],"yoast_head":"<!-- This site is optimized with the Yoast SEO plugin v27.4 - https:\/\/yoast.com\/product\/yoast-seo-wordpress\/ -->\n<title>Kontakt - White Turf St. Moritz<\/title>\n<meta name=\"robots\" content=\"index, follow, max-snippet:-1, max-image-preview:large, max-video-preview:-1\" \/>\n<link rel=\"canonical\" href=\"https:\/\/www.whiteturf.ch\/en\/contact\/\" \/>\n<meta property=\"og:locale\" content=\"en_GB\" \/>\n<meta property=\"og:type\" content=\"article\" \/>\n<meta property=\"og:title\" content=\"Kontakt - White Turf St. Moritz\" \/>\n<meta property=\"og:description\" content=\"Kontaktieren Sie uns F\u00fcr weitere Informationen \u00fcber den White Turf, k\u00f6nnen Sie uns gerne kontaktieren. location icon Adresse Rennverein St. Moritz Via dal Bagn 20 7500 St. Moritz Schweiz phone icon Telefon +41 81 833 84 60 email icon E-Mail info@whiteturf.ch\" \/>\n<meta property=\"og:url\" content=\"https:\/\/www.whiteturf.ch\/en\/contact\/\" \/>\n<meta property=\"og:site_name\" content=\"White Turf St. Moritz\" \/>\n<meta property=\"article:modified_time\" content=\"2024-12-10T09:18:28+00:00\" \/>\n<meta name=\"twitter:card\" content=\"summary_large_image\" \/>\n<meta name=\"twitter:label1\" content=\"Estimated reading time\" \/>\n\t<meta name=\"twitter:data1\" content=\"1 minute\" \/>\n<script type=\"application\/ld+json\" class=\"yoast-schema-graph\">{\"@context\":\"https:\\\/\\\/schema.org\",\"@graph\":[{\"@type\":\"WebPage\",\"@id\":\"https:\\\/\\\/www.whiteturf.ch\\\/kontakt\\\/\",\"url\":\"https:\\\/\\\/www.whiteturf.ch\\\/kontakt\\\/\",\"name\":\"Kontakt - White Turf St. Moritz\",\"isPartOf\":{\"@id\":\"https:\\\/\\\/www.whiteturf.ch\\\/#website\"},\"datePublished\":\"2022-04-10T09:45:31+00:00\",\"dateModified\":\"2024-12-10T09:18:28+00:00\",\"breadcrumb\":{\"@id\":\"https:\\\/\\\/www.whiteturf.ch\\\/kontakt\\\/#breadcrumb\"},\"inLanguage\":\"en-GB\",\"potentialAction\":[{\"@type\":\"ReadAction\",\"target\":[\"https:\\\/\\\/www.whiteturf.ch\\\/kontakt\\\/\"]}]},{\"@type\":\"BreadcrumbList\",\"@id\":\"https:\\\/\\\/www.whiteturf.ch\\\/kontakt\\\/#breadcrumb\",\"itemListElement\":[{\"@type\":\"ListItem\",\"position\":1,\"name\":\"Startseite\",\"item\":\"https:\\\/\\\/www.whiteturf.ch\\\/\"},{\"@type\":\"ListItem\",\"position\":2,\"name\":\"Kontakt\"}]},{\"@type\":\"WebSite\",\"@id\":\"https:\\\/\\\/www.whiteturf.ch\\\/#website\",\"url\":\"https:\\\/\\\/www.whiteturf.ch\\\/\",\"name\":\"White Turf St. Moritz\",\"description\":\"International Horse Races Since 1907\",\"publisher\":{\"@id\":\"https:\\\/\\\/www.whiteturf.ch\\\/#organization\"},\"potentialAction\":[{\"@type\":\"SearchAction\",\"target\":{\"@type\":\"EntryPoint\",\"urlTemplate\":\"https:\\\/\\\/www.whiteturf.ch\\\/?s={search_term_string}\"},\"query-input\":{\"@type\":\"PropertyValueSpecification\",\"valueRequired\":true,\"valueName\":\"search_term_string\"}}],\"inLanguage\":\"en-GB\"},{\"@type\":\"Organization\",\"@id\":\"https:\\\/\\\/www.whiteturf.ch\\\/#organization\",\"name\":\"White Turf St. Moritz\",\"url\":\"https:\\\/\\\/www.whiteturf.ch\\\/\",\"logo\":{\"@type\":\"ImageObject\",\"inLanguage\":\"en-GB\",\"@id\":\"https:\\\/\\\/www.whiteturf.ch\\\/#\\\/schema\\\/logo\\\/image\\\/\",\"url\":\"https:\\\/\\\/www.whiteturf.ch\\\/wp-content\\\/uploads\\\/2022\\\/04\\\/wt_logo_stm_rgb_pos-1.svg\",\"contentUrl\":\"https:\\\/\\\/www.whiteturf.ch\\\/wp-content\\\/uploads\\\/2022\\\/04\\\/wt_logo_stm_rgb_pos-1.svg\",\"width\":566,\"height\":111,\"caption\":\"White Turf St. Moritz\"},\"image\":{\"@id\":\"https:\\\/\\\/www.whiteturf.ch\\\/#\\\/schema\\\/logo\\\/image\\\/\"}}]}<\/script>\n<!-- \/ Yoast SEO plugin. -->","yoast_head_json":{"title":"Contact - White Turf St. Moritz","robots":{"index":"index","follow":"follow","max-snippet":"max-snippet:-1","max-image-preview":"max-image-preview:large","max-video-preview":"max-video-preview:-1"},"canonical":"https:\/\/www.whiteturf.ch\/en\/contact\/","og_locale":"en_GB","og_type":"article","og_title":"Kontakt - White Turf St. Moritz","og_description":"Kontaktieren Sie uns F\u00fcr weitere Informationen \u00fcber den White Turf, k\u00f6nnen Sie uns gerne kontaktieren. location icon Adresse Rennverein St. Moritz Via dal Bagn 20 7500 St. Moritz Schweiz phone icon Telefon +41 81 833 84 60 email icon E-Mail info@whiteturf.ch","og_url":"https:\/\/www.whiteturf.ch\/en\/contact\/","og_site_name":"White Turf St. Moritz","article_modified_time":"2024-12-10T09:18:28+00:00","twitter_card":"summary_large_image","twitter_misc":{"Estimated reading time":"1 minute"},"schema":{"@context":"https:\/\/schema.org","@graph":[{"@type":"WebPage","@id":"https:\/\/www.whiteturf.ch\/kontakt\/","url":"https:\/\/www.whiteturf.ch\/kontakt\/","name":"Contact - White Turf St. Moritz","isPartOf":{"@id":"https:\/\/www.whiteturf.ch\/#website"},"datePublished":"2022-04-10T09:45:31+00:00","dateModified":"2024-12-10T09:18:28+00:00","breadcrumb":{"@id":"https:\/\/www.whiteturf.ch\/kontakt\/#breadcrumb"},"inLanguage":"en-GB","potentialAction":[{"@type":"ReadAction","target":["https:\/\/www.whiteturf.ch\/kontakt\/"]}]},{"@type":"BreadcrumbList","@id":"https:\/\/www.whiteturf.ch\/kontakt\/#breadcrumb","itemListElement":[{"@type":"ListItem","position":1,"name":"Startseite","item":"https:\/\/www.whiteturf.ch\/"},{"@type":"ListItem","position":2,"name":"Kontakt"}]},{"@type":"WebSite","@id":"https:\/\/www.whiteturf.ch\/#website","url":"https:\/\/www.whiteturf.ch\/","name":"White Turf St. Moritz","description":"International Horse Races Since 1907","publisher":{"@id":"https:\/\/www.whiteturf.ch\/#organization"},"potentialAction":[{"@type":"SearchAction","target":{"@type":"EntryPoint","urlTemplate":"https:\/\/www.whiteturf.ch\/?s={search_term_string}"},"query-input":{"@type":"PropertyValueSpecification","valueRequired":true,"valueName":"search_term_string"}}],"inLanguage":"en-GB"},{"@type":"Organization","@id":"https:\/\/www.whiteturf.ch\/#organization","name":"White Turf St. Moritz","url":"https:\/\/www.whiteturf.ch\/","logo":{"@type":"ImageObject","inLanguage":"en-GB","@id":"https:\/\/www.whiteturf.ch\/#\/schema\/logo\/image\/","url":"https:\/\/www.whiteturf.ch\/wp-content\/uploads\/2022\/04\/wt_logo_stm_rgb_pos-1.svg","contentUrl":"https:\/\/www.whiteturf.ch\/wp-content\/uploads\/2022\/04\/wt_logo_stm_rgb_pos-1.svg","width":566,"height":111,"caption":"White Turf St. Moritz"},"image":{"@id":"https:\/\/www.whiteturf.ch\/#\/schema\/logo\/image\/"}}]}},"_links":{"self":[{"href":"https:\/\/www.whiteturf.ch\/en\/wp-json\/wp\/v2\/pages\/195","targetHints":{"allow":["GET"]}}],"collection":[{"href":"https:\/\/www.whiteturf.ch\/en\/wp-json\/wp\/v2\/pages"}],"about":[{"href":"https:\/\/www.whiteturf.ch\/en\/wp-json\/wp\/v2\/types\/page"}],"author":[{"embeddable":true,"href":"https:\/\/www.whiteturf.ch\/en\/wp-json\/wp\/v2\/users\/4"}],"replies":[{"embeddable":true,"href":"https:\/\/www.whiteturf.ch\/en\/wp-json\/wp\/v2\/comments?post=195"}],"version-history":[{"count":0,"href":"https:\/\/www.whiteturf.ch\/en\/wp-json\/wp\/v2\/pages\/195\/revisions"}],"wp:attachment":[{"href":"https:\/\/www.whiteturf.ch\/en\/wp-json\/wp\/v2\/media?parent=195"}],"curies":[{"name":"wp","href":"https:\/\/api.w.org\/{rel}","templated":true}]}}