{"id":8476,"date":"2025-12-17T12:18:49","date_gmt":"2025-12-17T11:18:49","guid":{"rendered":"https:\/\/www.whiteturf.ch\/?page_id=8476"},"modified":"2025-12-17T12:20:09","modified_gmt":"2025-12-17T11:20:09","slug":"digital-magazine-2026","status":"publish","type":"page","link":"https:\/\/www.whiteturf.ch\/en\/digital-magazine-2026\/","title":{"rendered":"Digital Magazine 2026"},"content":{"rendered":"<div data-elementor-type=\"wp-page\" data-elementor-id=\"8476\" class=\"elementor elementor-8476\" data-elementor-post-type=\"page\">\n\t\t\t\t\t\t<section class=\"elementor-section elementor-top-section elementor-element elementor-element-6f5ac34 elementor-section-boxed elementor-section-height-default elementor-section-height-default\" data-id=\"6f5ac34\" data-element_type=\"section\" data-e-type=\"section\" data-settings=\"{&quot;background_background&quot;:&quot;classic&quot;}\">\n\t\t\t\t\t\t\t<div class=\"elementor-background-overlay\"><\/div>\n\t\t\t\t\t\t\t<div class=\"elementor-container elementor-column-gap-no\">\n\t\t\t\t\t<div class=\"elementor-column elementor-col-100 elementor-top-column elementor-element elementor-element-5677004\" data-id=\"5677004\" data-element_type=\"column\" data-e-type=\"column\">\n\t\t\t<div class=\"elementor-widget-wrap elementor-element-populated\">\n\t\t\t\t\t\t<div class=\"elementor-element elementor-element-9bac6b4 elementor-widget elementor-widget-html\" data-id=\"9bac6b4\" data-element_type=\"widget\" data-e-type=\"widget\" data-widget_type=\"html.default\">\n\t\t\t\t<div class=\"elementor-widget-container\">\n\t\t\t\t\t<div style=\"position:relative;padding-top:max(80%,600px);height:0;width:100%\"><iframe allow=\"clipboard-write\" sandbox=\"allow-top-navigation allow-top-navigation-by-user-activation allow-downloads allow-scripts allow-same-origin allow-popups allow-modals allow-popups-to-escape-sandbox allow-forms\" allowfullscreen=\"true\" style=\"position:absolute;border:none;width:100%;height:100%;left:0;right:0;top:0;bottom:0;\" src=\"https:\/\/e.issuu.com\/embed.html?backgroundColor=%23ffffff&d=white_turf_st._moritz_magazin_2026&u=designterminal\"><\/iframe><\/div>\t\t\t\t<\/div>\n\t\t\t\t<\/div>\n\t\t\t\t\t<\/div>\n\t\t<\/div>\n\t\t\t\t\t<\/div>\n\t\t<\/section>\n\t\t\t\t<\/div>","protected":false},"excerpt":{"rendered":"<p>Experience the fascination of the White Turf 2026 on the frozen Lake Moritz. The official magazine offers exclusive insights and emotional background information on the world&#039;s most spectacular horse race. In this issue: A major interview with FamilyDays founder Lupo Wolf about the future of young talent, a tribute to record-breaking trainer Miro Weiss chasing his 1000 victory, and the technical analysis of the Skikj\u00f6ring from 2027. Also read the moving story of Stall Z\u00fcrichsee with K\u00f6bi Broger and Volta \u2013 119 years of tradition, adrenaline, and alpine lifestyle at the highest level.<\/p>","protected":false},"author":4,"featured_media":0,"parent":0,"menu_order":0,"comment_status":"closed","ping_status":"closed","template":"","meta":{"footnotes":""},"class_list":["post-8476","page","type-page","status-publish","hentry"],"yoast_head":"<!-- This site is optimized with the Yoast SEO plugin v27.4 - https:\/\/yoast.com\/product\/yoast-seo-wordpress\/ -->\n<title>Digital Magazine 2026 - White Turf St. Moritz<\/title>\n<meta name=\"robots\" content=\"index, follow, max-snippet:-1, max-image-preview:large, max-video-preview:-1\" \/>\n<link rel=\"canonical\" href=\"https:\/\/www.whiteturf.ch\/en\/digital-magazine-2026\/\" \/>\n<meta property=\"og:locale\" content=\"en_GB\" \/>\n<meta property=\"og:type\" content=\"article\" \/>\n<meta property=\"og:title\" content=\"Digital Magazine 2026 - White Turf St. Moritz\" \/>\n<meta property=\"og:description\" content=\"Erleben Sie die Faszination des White Turf 2026 auf dem gefrorenen St. Moritzersee. Das offizielle Magazin bietet exklusive Einblicke und emotionale Hintergr\u00fcnde zum spektakul\u00e4rsten Pferderennen der Welt. In dieser Ausgabe: Ein grosses Interview mit Family-Days-Gr\u00fcnder Lupo Wolf \u00fcber die Zukunft des Nachwuchses, eine Hommage an Rekord-Trainer Miro Weiss auf der Jagd nach seinem 100. Sieg und die technische Analyse zum Skikj\u00f6ring ab 2027. Lesen Sie zudem die bewegende Geschichte vom Stall Z\u00fcrichsee mit K\u00f6bi Broger und Volta. 119 Jahre Tradition, Adrenalin und alpiner Lifestyle auf h\u00f6chstem Niveau.\" \/>\n<meta property=\"og:url\" content=\"https:\/\/www.whiteturf.ch\/en\/digital-magazine-2026\/\" \/>\n<meta property=\"og:site_name\" content=\"White Turf St. Moritz\" \/>\n<meta property=\"article:modified_time\" content=\"2025-12-17T11:20:09+00:00\" \/>\n<meta name=\"twitter:card\" content=\"summary_large_image\" \/>\n<script type=\"application\/ld+json\" class=\"yoast-schema-graph\">{\"@context\":\"https:\\\/\\\/schema.org\",\"@graph\":[{\"@type\":\"WebPage\",\"@id\":\"https:\\\/\\\/www.whiteturf.ch\\\/digital-magazine-2026\\\/\",\"url\":\"https:\\\/\\\/www.whiteturf.ch\\\/digital-magazine-2026\\\/\",\"name\":\"Digital Magazine 2026 - White Turf St. Moritz\",\"isPartOf\":{\"@id\":\"https:\\\/\\\/www.whiteturf.ch\\\/#website\"},\"datePublished\":\"2025-12-17T11:18:49+00:00\",\"dateModified\":\"2025-12-17T11:20:09+00:00\",\"breadcrumb\":{\"@id\":\"https:\\\/\\\/www.whiteturf.ch\\\/digital-magazine-2026\\\/#breadcrumb\"},\"inLanguage\":\"en-GB\",\"potentialAction\":[{\"@type\":\"ReadAction\",\"target\":[\"https:\\\/\\\/www.whiteturf.ch\\\/digital-magazine-2026\\\/\"]}]},{\"@type\":\"BreadcrumbList\",\"@id\":\"https:\\\/\\\/www.whiteturf.ch\\\/digital-magazine-2026\\\/#breadcrumb\",\"itemListElement\":[{\"@type\":\"ListItem\",\"position\":1,\"name\":\"Startseite\",\"item\":\"https:\\\/\\\/www.whiteturf.ch\\\/\"},{\"@type\":\"ListItem\",\"position\":2,\"name\":\"Digital Magazine 2026\"}]},{\"@type\":\"WebSite\",\"@id\":\"https:\\\/\\\/www.whiteturf.ch\\\/#website\",\"url\":\"https:\\\/\\\/www.whiteturf.ch\\\/\",\"name\":\"White Turf St. Moritz\",\"description\":\"International Horse Races Since 1907\",\"publisher\":{\"@id\":\"https:\\\/\\\/www.whiteturf.ch\\\/#organization\"},\"potentialAction\":[{\"@type\":\"SearchAction\",\"target\":{\"@type\":\"EntryPoint\",\"urlTemplate\":\"https:\\\/\\\/www.whiteturf.ch\\\/?s={search_term_string}\"},\"query-input\":{\"@type\":\"PropertyValueSpecification\",\"valueRequired\":true,\"valueName\":\"search_term_string\"}}],\"inLanguage\":\"en-GB\"},{\"@type\":\"Organization\",\"@id\":\"https:\\\/\\\/www.whiteturf.ch\\\/#organization\",\"name\":\"White Turf St. Moritz\",\"url\":\"https:\\\/\\\/www.whiteturf.ch\\\/\",\"logo\":{\"@type\":\"ImageObject\",\"inLanguage\":\"en-GB\",\"@id\":\"https:\\\/\\\/www.whiteturf.ch\\\/#\\\/schema\\\/logo\\\/image\\\/\",\"url\":\"https:\\\/\\\/www.whiteturf.ch\\\/wp-content\\\/uploads\\\/2022\\\/04\\\/wt_logo_stm_rgb_pos-1.svg\",\"contentUrl\":\"https:\\\/\\\/www.whiteturf.ch\\\/wp-content\\\/uploads\\\/2022\\\/04\\\/wt_logo_stm_rgb_pos-1.svg\",\"width\":566,\"height\":111,\"caption\":\"White Turf St. Moritz\"},\"image\":{\"@id\":\"https:\\\/\\\/www.whiteturf.ch\\\/#\\\/schema\\\/logo\\\/image\\\/\"}}]}<\/script>\n<!-- \/ Yoast SEO plugin. -->","yoast_head_json":{"title":"Digital Magazine 2026 - White Turf St. Moritz","robots":{"index":"index","follow":"follow","max-snippet":"max-snippet:-1","max-image-preview":"max-image-preview:large","max-video-preview":"max-video-preview:-1"},"canonical":"https:\/\/www.whiteturf.ch\/en\/digital-magazine-2026\/","og_locale":"en_GB","og_type":"article","og_title":"Digital Magazine 2026 - White Turf St. Moritz","og_description":"Erleben Sie die Faszination des White Turf 2026 auf dem gefrorenen St. Moritzersee. Das offizielle Magazin bietet exklusive Einblicke und emotionale Hintergr\u00fcnde zum spektakul\u00e4rsten Pferderennen der Welt. In dieser Ausgabe: Ein grosses Interview mit Family-Days-Gr\u00fcnder Lupo Wolf \u00fcber die Zukunft des Nachwuchses, eine Hommage an Rekord-Trainer Miro Weiss auf der Jagd nach seinem 100. Sieg und die technische Analyse zum Skikj\u00f6ring ab 2027. Lesen Sie zudem die bewegende Geschichte vom Stall Z\u00fcrichsee mit K\u00f6bi Broger und Volta. 119 Jahre Tradition, Adrenalin und alpiner Lifestyle auf h\u00f6chstem Niveau.","og_url":"https:\/\/www.whiteturf.ch\/en\/digital-magazine-2026\/","og_site_name":"White Turf St. Moritz","article_modified_time":"2025-12-17T11:20:09+00:00","twitter_card":"summary_large_image","schema":{"@context":"https:\/\/schema.org","@graph":[{"@type":"WebPage","@id":"https:\/\/www.whiteturf.ch\/digital-magazine-2026\/","url":"https:\/\/www.whiteturf.ch\/digital-magazine-2026\/","name":"Digital Magazine 2026 - White Turf St. Moritz","isPartOf":{"@id":"https:\/\/www.whiteturf.ch\/#website"},"datePublished":"2025-12-17T11:18:49+00:00","dateModified":"2025-12-17T11:20:09+00:00","breadcrumb":{"@id":"https:\/\/www.whiteturf.ch\/digital-magazine-2026\/#breadcrumb"},"inLanguage":"en-GB","potentialAction":[{"@type":"ReadAction","target":["https:\/\/www.whiteturf.ch\/digital-magazine-2026\/"]}]},{"@type":"BreadcrumbList","@id":"https:\/\/www.whiteturf.ch\/digital-magazine-2026\/#breadcrumb","itemListElement":[{"@type":"ListItem","position":1,"name":"Startseite","item":"https:\/\/www.whiteturf.ch\/"},{"@type":"ListItem","position":2,"name":"Digital Magazine 2026"}]},{"@type":"WebSite","@id":"https:\/\/www.whiteturf.ch\/#website","url":"https:\/\/www.whiteturf.ch\/","name":"White Turf St. Moritz","description":"International Horse Races Since 1907","publisher":{"@id":"https:\/\/www.whiteturf.ch\/#organization"},"potentialAction":[{"@type":"SearchAction","target":{"@type":"EntryPoint","urlTemplate":"https:\/\/www.whiteturf.ch\/?s={search_term_string}"},"query-input":{"@type":"PropertyValueSpecification","valueRequired":true,"valueName":"search_term_string"}}],"inLanguage":"en-GB"},{"@type":"Organization","@id":"https:\/\/www.whiteturf.ch\/#organization","name":"White Turf St. Moritz","url":"https:\/\/www.whiteturf.ch\/","logo":{"@type":"ImageObject","inLanguage":"en-GB","@id":"https:\/\/www.whiteturf.ch\/#\/schema\/logo\/image\/","url":"https:\/\/www.whiteturf.ch\/wp-content\/uploads\/2022\/04\/wt_logo_stm_rgb_pos-1.svg","contentUrl":"https:\/\/www.whiteturf.ch\/wp-content\/uploads\/2022\/04\/wt_logo_stm_rgb_pos-1.svg","width":566,"height":111,"caption":"White Turf St. Moritz"},"image":{"@id":"https:\/\/www.whiteturf.ch\/#\/schema\/logo\/image\/"}}]}},"_links":{"self":[{"href":"https:\/\/www.whiteturf.ch\/en\/wp-json\/wp\/v2\/pages\/8476","targetHints":{"allow":["GET"]}}],"collection":[{"href":"https:\/\/www.whiteturf.ch\/en\/wp-json\/wp\/v2\/pages"}],"about":[{"href":"https:\/\/www.whiteturf.ch\/en\/wp-json\/wp\/v2\/types\/page"}],"author":[{"embeddable":true,"href":"https:\/\/www.whiteturf.ch\/en\/wp-json\/wp\/v2\/users\/4"}],"replies":[{"embeddable":true,"href":"https:\/\/www.whiteturf.ch\/en\/wp-json\/wp\/v2\/comments?post=8476"}],"version-history":[{"count":4,"href":"https:\/\/www.whiteturf.ch\/en\/wp-json\/wp\/v2\/pages\/8476\/revisions"}],"predecessor-version":[{"id":8480,"href":"https:\/\/www.whiteturf.ch\/en\/wp-json\/wp\/v2\/pages\/8476\/revisions\/8480"}],"wp:attachment":[{"href":"https:\/\/www.whiteturf.ch\/en\/wp-json\/wp\/v2\/media?parent=8476"}],"curies":[{"name":"wp","href":"https:\/\/api.w.org\/{rel}","templated":true}]}}